{"id":3388,"date":"2022-11-22T17:04:26","date_gmt":"2022-11-22T17:04:26","guid":{"rendered":"https:\/\/tratson.ch\/kontakt\/"},"modified":"2024-10-25T07:41:57","modified_gmt":"2024-10-25T07:41:57","slug":"contacter","status":"publish","type":"page","link":"https:\/\/tratson.ch\/fr\/contacter\/","title":{"rendered":"Contact"},"content":{"rendered":"<p>[et_pb_section fb_built=&#8221;1&#8243; custom_padding_last_edited=&#8221;on|phone&#8221; _builder_version=&#8221;4.19.2&#8243; _module_preset=&#8221;default&#8221; use_background_color_gradient=&#8221;on&#8221; background_color_gradient_direction=&#8221;90deg&#8221; background_color_gradient_stops=&#8221;#146eb8 1%|rgba(20,110,184,0) 100%&#8221; background_color_gradient_overlays_image=&#8221;on&#8221; background_image=&#8221;https:\/\/tratson.ch\/wp-content\/uploads\/2022\/11\/fresh-water.jpg&#8221; background_position=&#8221;top_center&#8221; background_vertical_offset=&#8221;22%&#8221; custom_padding=&#8221;217px||160px||false|false&#8221; custom_padding_tablet=&#8221;217px||160px||false|false&#8221; custom_padding_phone=&#8221;160px||110px||false|false&#8221; bottom_divider_style=&#8221;wave2&#8243; bottom_divider_color=&#8221;#FFFFFF&#8221; bottom_divider_height=&#8221;50px&#8221; bottom_divider_flip=&#8221;horizontal&#8221; locked=&#8221;off&#8221; global_colors_info=&#8221;{}&#8221;][et_pb_row _builder_version=&#8221;4.19.0&#8243; _module_preset=&#8221;4bb05eb0-14d9-4843-9d82-a37a8f1fef18&#8243; custom_padding=&#8221;0px|35px|0px|35px|false|false&#8221; global_colors_info=&#8221;{}&#8221;][et_pb_column type=&#8221;4_4&#8243; _builder_version=&#8221;4.17.4&#8243; _module_preset=&#8221;default&#8221; global_colors_info=&#8221;{}&#8221;][et_pb_text _builder_version=&#8221;4.19.0&#8243; _module_preset=&#8221;b6a352e1-08bc-47b6-987f-ea015eac458b&#8221; header_text_color=&#8221;#FFFFFF&#8221; global_colors_info=&#8221;{}&#8221;]<\/p>\n<h1>Nous contacter<\/h1>\n<p>[\/et_pb_text][et_pb_text _builder_version=&#8221;4.19.0&#8243; _module_preset=&#8221;82440799-d261-4c96-9383-8d74df75bad4&#8243; text_text_color=&#8221;#FFFFFF&#8221; max_width=&#8221;800px&#8221; global_colors_info=&#8221;{}&#8221;]<\/p>\n<p><b>Pour toute question concernant nos produits, nos partenariats de distribution ou tout autre sujet, n&#8217;h\u00e9sitez pas \u00e0 nous contacter.<\/b><\/p>\n<p>[\/et_pb_text][\/et_pb_column][\/et_pb_row][\/et_pb_section][et_pb_section fb_built=&#8221;1&#8243; custom_padding_last_edited=&#8221;on|phone&#8221; _builder_version=&#8221;4.19.2&#8243; _module_preset=&#8221;default&#8221; background_color=&#8221;RGBA(255,255,255,0)&#8221; z_index=&#8221;2&#8243; custom_padding=&#8221;0px||140px||false|false&#8221; custom_padding_tablet=&#8221;0px||140px||false|false&#8221; custom_padding_phone=&#8221;0px||60px||false|false&#8221; global_colors_info=&#8221;{}&#8221;][et_pb_row column_structure=&#8221;1_2,1_2&#8243; use_custom_gutter=&#8221;on&#8221; gutter_width=&#8221;1&#8243; make_equal=&#8221;on&#8221; _builder_version=&#8221;4.19.2&#8243; _module_preset=&#8221;4bb05eb0-14d9-4843-9d82-a37a8f1fef18&#8243; background_enable_color=&#8221;off&#8221; custom_margin=&#8221;-100px|auto||auto|false|false&#8221; global_colors_info=&#8221;{}&#8221;][et_pb_column type=&#8221;1_2&#8243; _builder_version=&#8221;4.19.0&#8243; _module_preset=&#8221;default&#8221; background_color=&#8221;#FFFFFF&#8221; custom_padding=&#8221;15px|5px|15px|5px|false|false&#8221; box_shadow_style=&#8221;preset3&#8243; box_shadow_color=&#8221;rgba(1,90,154,0.25)&#8221; global_colors_info=&#8221;{}&#8221;][et_pb_code module_class=&#8221; fullwidth-button&#8221; _builder_version=&#8221;4.19.2&#8243; _module_preset=&#8221;b7f634e7-4657-42f4-8a95-04e7d820330d&#8221; max_width=&#8221;600px&#8221; global_colors_info=&#8221;{}&#8221;]\n<div class=\"wpcf7 no-js\" id=\"wpcf7-f3391-o1\" lang=\"fr\" dir=\"ltr\" data-wpcf7-id=\"3391\">\n<div class=\"screen-reader-response\"><p role=\"status\" aria-live=\"polite\" aria-atomic=\"true\"><\/p> <ul><\/ul><\/div>\n<form action=\"\/fr\/wp-json\/wp\/v2\/pages\/3388#wpcf7-f3391-o1\" method=\"post\" class=\"wpcf7-form init cf7mls-no-scroll cf7mls-auto-return-first-step cf7mls-no-moving-animation\" aria-label=\"Contact form\" novalidate=\"novalidate\" data-status=\"init\">\n<fieldset class=\"hidden-fields-container\"><input type=\"hidden\" name=\"_wpcf7\" value=\"3391\" \/><input type=\"hidden\" name=\"_wpcf7_version\" value=\"6.1.5\" \/><input type=\"hidden\" name=\"_wpcf7_locale\" value=\"fr\" \/><input type=\"hidden\" name=\"_wpcf7_unit_tag\" value=\"wpcf7-f3391-o1\" \/><input type=\"hidden\" name=\"_wpcf7_container_post\" value=\"0\" \/><input type=\"hidden\" name=\"_wpcf7_posted_data_hash\" value=\"\" \/>\n<\/fieldset>\n<div class=\"form-group-inline\">\n<label>Pr\u00e9nom\n    <span class=\"wpcf7-form-control-wrap\" data-name=\"Vorname\"><input size=\"40\" maxlength=\"400\" class=\"wpcf7-form-control wpcf7-text wpcf7-validates-as-required\" aria-required=\"true\" aria-invalid=\"false\" value=\"\" type=\"text\" name=\"Vorname\" \/><\/span> <\/label>\n<label>Nom de famille\n    <span class=\"wpcf7-form-control-wrap\" data-name=\"Nachname\"><input size=\"40\" maxlength=\"400\" class=\"wpcf7-form-control wpcf7-text wpcf7-validates-as-required\" aria-required=\"true\" aria-invalid=\"false\" value=\"\" type=\"text\" name=\"Nachname\" \/><\/span> <\/label> \n<\/div>\n\n<div class=\"form-group-inline\">\n<label>Rue\n    <span class=\"wpcf7-form-control-wrap\" data-name=\"Strasse\"><input size=\"40\" maxlength=\"400\" class=\"wpcf7-form-control wpcf7-text wpcf7-validates-as-required\" aria-required=\"true\" aria-invalid=\"false\" value=\"\" type=\"text\" name=\"Strasse\" \/><\/span> <\/label>\n<label>N\u00b0\n    <span class=\"wpcf7-form-control-wrap\" data-name=\"Nr\"><input size=\"40\" maxlength=\"400\" class=\"wpcf7-form-control wpcf7-text wpcf7-validates-as-required\" aria-required=\"true\" aria-invalid=\"false\" value=\"\" type=\"text\" name=\"Nr\" \/><\/span> <\/label> \n<\/div>\n\n<div class=\"form-group-inline\">\n<label>CODE POSTAL\n    <span class=\"wpcf7-form-control-wrap\" data-name=\"PLZ\"><input size=\"40\" maxlength=\"400\" class=\"wpcf7-form-control wpcf7-text wpcf7-validates-as-required\" aria-required=\"true\" aria-invalid=\"false\" value=\"\" type=\"text\" name=\"PLZ\" \/><\/span> <\/label>\n<label>Lieu\n    <span class=\"wpcf7-form-control-wrap\" data-name=\"Ort\"><input size=\"40\" maxlength=\"400\" class=\"wpcf7-form-control wpcf7-text wpcf7-validates-as-required\" aria-required=\"true\" aria-invalid=\"false\" value=\"\" type=\"text\" name=\"Ort\" \/><\/span> <\/label> \n<\/div>\n\n<label>Adresse email\n    <span class=\"wpcf7-form-control-wrap\" data-name=\"Email\"><input size=\"40\" maxlength=\"400\" class=\"wpcf7-form-control wpcf7-email wpcf7-validates-as-required wpcf7-text wpcf7-validates-as-email\" aria-required=\"true\" aria-invalid=\"false\" value=\"\" type=\"email\" name=\"Email\" \/><\/span> <\/label>\n\n<label>Num\u00e9ro de t\u00e9l\u00e9phone\n    <span class=\"wpcf7-form-control-wrap\" data-name=\"Tel\"><input size=\"40\" maxlength=\"400\" class=\"wpcf7-form-control wpcf7-tel wpcf7-validates-as-required wpcf7-text wpcf7-validates-as-tel\" aria-required=\"true\" aria-invalid=\"false\" value=\"\" type=\"tel\" name=\"Tel\" \/><\/span> <\/label>\n\n<label>Votre message\n<span class=\"wpcf7-form-control-wrap\" data-name=\"Mitteilung\"><textarea cols=\"40\" rows=\"10\" maxlength=\"2000\" class=\"wpcf7-form-control wpcf7-textarea\" aria-invalid=\"false\" name=\"Mitteilung\"><\/textarea><\/span><\/label>\n\n<span class=\"wpcf7-form-control-wrap\" data-name=\"AGB\"><span class=\"wpcf7-form-control wpcf7-acceptance\"><span class=\"wpcf7-list-item\"><label><input type=\"checkbox\" name=\"AGB\" value=\"1\" aria-invalid=\"false\" \/><span class=\"wpcf7-list-item-label\">En soumettant ce formulaire, j'accepte la <a href=\"\/fr\/confidentialite\/\" target=\"_blank\">politique de confidentialit\u00e9<\/a>.<\/span><\/label><\/span><\/span><\/span>\n\n<button class=\"wpcf7-form-control wpcf7-submit has-spinner et_pb_button et_pb_bg_layout_light\" type=\"submit\" value=\"Envoyer\">Envoyer<\/button><input type=\"hidden\" id=\"ct_checkjs_cf7_0ff8033cf9437c213ee13937b1c4c455\" name=\"ct_checkjs_cf7\" value=\"0\" \/><input\n                    class=\"apbct_special_field apbct_email_id__wp_contact_form_7\"\n                    name=\"apbct__email_id__wp_contact_form_7\"\n                    aria-label=\"apbct__label_id__wp_contact_form_7\"\n                    type=\"text\" size=\"30\" maxlength=\"200\" autocomplete=\"off\"\n                    value=\"\"\n                \/><div class=\"wpcf7-response-output\" aria-hidden=\"true\"><\/div>\n<\/form>\n<\/div>\n[\/et_pb_code][\/et_pb_column][et_pb_column type=&#8221;1_2&#8243; _builder_version=&#8221;4.19.2&#8243; _module_preset=&#8221;default&#8221; background_enable_color=&#8221;off&#8221; custom_padding=&#8221;85px|30px||35px|false|false&#8221; custom_padding_tablet=&#8221;85px|30px||35px|false|false&#8221; custom_padding_phone=&#8221;50px|0px||0px|false|false&#8221; custom_padding_last_edited=&#8221;on|phone&#8221; global_colors_info=&#8221;{}&#8221;][et_pb_text _builder_version=&#8221;4.19.0&#8243; _module_preset=&#8221;82440799-d261-4c96-9383-8d74df75bad4&#8243; text_font=&#8221;|700|||||||&#8221; max_width=&#8221;400px&#8221; custom_margin=&#8221;||13px||false|false&#8221; global_colors_info=&#8221;{}&#8221;]<\/p>\n<p><span style=\"font-weight: 400;\">Vous pouvez nous joindre du lundi au vendredi de 08:00-12:00 et de 13:00-16:00 par t\u00e9l\u00e9phone ou nous \u00e9crire un e-mail.<\/span><\/p>\n<p>[\/et_pb_text][et_pb_blurb use_icon=&#8221;on&#8221; font_icon=&#8221;&#xf0e0;||fa||900&#8243; image_icon_width=&#8221;24px&#8221; module_class=&#8221;small-blurb&#8221; _builder_version=&#8221;4.19.0&#8243; _module_preset=&#8221;3b961bbf-c1af-43a1-a909-42e7dfa77d64&#8243; body_font_size=&#8221;17px&#8221; image_icon_custom_margin=&#8221;2px||||false|false&#8221; max_width=&#8221;440px&#8221; custom_margin=&#8221;||13px||false|false&#8221; custom_padding=&#8221;|25px|||false|false&#8221; link_option_url=&#8221;mailto:info@tratson.ch&#8221; global_colors_info=&#8221;{}&#8221;]<\/p>\n<p><a href=\"mailto:info@tratson.ch\">info@tratson.ch<\/a><\/p>\n<p>[\/et_pb_blurb][et_pb_blurb use_icon=&#8221;on&#8221; font_icon=&#8221;&#xf879;||fa||900&#8243; image_icon_width=&#8221;24px&#8221; module_class=&#8221;small-blurb&#8221; _builder_version=&#8221;4.19.0&#8243; _module_preset=&#8221;3b961bbf-c1af-43a1-a909-42e7dfa77d64&#8243; body_font_size=&#8221;17px&#8221; image_icon_custom_margin=&#8221;2px||||false|false&#8221; max_width=&#8221;440px&#8221; custom_margin=&#8221;||40px||false|false&#8221; custom_padding=&#8221;|25px|||false|false&#8221; link_option_url=&#8221;tel:+410442122230&#8243; global_colors_info=&#8221;{}&#8221;]<\/p>\n<p><a href=\"tel:+410442122230\"><span style=\"font-weight: 400;\">+41 (0)44 212 22 30<\/span><\/a><\/p>\n<p>[\/et_pb_blurb][et_pb_text _builder_version=&#8221;4.19.5&#8243; _module_preset=&#8221;82440799-d261-4c96-9383-8d74df75bad4&#8243; text_font=&#8221;|700|||||||&#8221; max_width=&#8221;450px&#8221; custom_margin=&#8221;||13px||false|false&#8221; global_colors_info=&#8221;{}&#8221;]<\/p>\n<p>Vous pouvez nous trouver \u00e0 l&#8217;adresse suivante :<\/p>\n<p>[\/et_pb_text][et_pb_blurb use_icon=&#8221;on&#8221; font_icon=&#8221;&#xe081;||divi||400&#8243; image_icon_width=&#8221;28px&#8221; module_class=&#8221;small-blurb&#8221; _builder_version=&#8221;4.27.0&#8243; _module_preset=&#8221;3b961bbf-c1af-43a1-a909-42e7dfa77d64&#8243; body_font_size=&#8221;17px&#8221; image_icon_custom_margin=&#8221;2px||||false|false&#8221; max_width=&#8221;440px&#8221; custom_margin=&#8221;||30px||false|false&#8221; custom_padding=&#8221;|25px|||false|false&#8221; hover_enabled=&#8221;0&#8243; global_colors_info=&#8221;{}&#8221; sticky_enabled=&#8221;0&#8243;]<\/p>\n<p><span style=\"font-weight: 400;\">Tratson AG<br \/><\/span><span style=\"font-weight: 400;\">Mellingerstrasse 19<br \/><\/span><span style=\"font-weight: 400;\">5413 Birmenstorf<\/span><\/p>\n<p>[\/et_pb_blurb][\/et_pb_column][\/et_pb_row][\/et_pb_section]<\/p>\n","protected":false},"excerpt":{"rendered":"<p>Nous contacterPour toute question concernant nos produits, nos partenariats de distribution ou tout autre sujet, n&#8217;h\u00e9sitez pas \u00e0 nous contacter.\n<div class=\"wpcf7 no-js\" id=\"wpcf7-f3391-o2\" lang=\"fr\" dir=\"ltr\" data-wpcf7-id=\"3391\">\n<div class=\"screen-reader-response\"><p role=\"status\" aria-live=\"polite\" aria-atomic=\"true\"><\/p> <ul><\/ul><\/div>\n<form action=\"\/fr\/wp-json\/wp\/v2\/pages\/3388#wpcf7-f3391-o2\" method=\"post\" class=\"wpcf7-form init cf7mls-no-scroll cf7mls-auto-return-first-step cf7mls-no-moving-animation\" aria-label=\"Contact form\" novalidate=\"novalidate\" data-status=\"init\">\n<fieldset class=\"hidden-fields-container\"><input type=\"hidden\" name=\"_wpcf7\" value=\"3391\" \/><input type=\"hidden\" name=\"_wpcf7_version\" value=\"6.1.5\" \/><input type=\"hidden\" name=\"_wpcf7_locale\" value=\"fr\" \/><input type=\"hidden\" name=\"_wpcf7_unit_tag\" value=\"wpcf7-f3391-o2\" \/><input type=\"hidden\" name=\"_wpcf7_container_post\" value=\"0\" \/><input type=\"hidden\" name=\"_wpcf7_posted_data_hash\" value=\"\" \/>\n<\/fieldset>\n<div class=\"form-group-inline\">\n<label>Pr\u00e9nom\n    <span class=\"wpcf7-form-control-wrap\" data-name=\"Vorname\"><input size=\"40\" maxlength=\"400\" class=\"wpcf7-form-control wpcf7-text wpcf7-validates-as-required\" aria-required=\"true\" aria-invalid=\"false\" value=\"\" type=\"text\" name=\"Vorname\" \/><\/span> <\/label>\n<label>Nom de famille\n    <span class=\"wpcf7-form-control-wrap\" data-name=\"Nachname\"><input size=\"40\" maxlength=\"400\" class=\"wpcf7-form-control wpcf7-text wpcf7-validates-as-required\" aria-required=\"true\" aria-invalid=\"false\" value=\"\" type=\"text\" name=\"Nachname\" \/><\/span> <\/label> \n<\/div>\n\n<div class=\"form-group-inline\">\n<label>Rue\n    <span class=\"wpcf7-form-control-wrap\" data-name=\"Strasse\"><input size=\"40\" maxlength=\"400\" class=\"wpcf7-form-control wpcf7-text wpcf7-validates-as-required\" aria-required=\"true\" aria-invalid=\"false\" value=\"\" type=\"text\" name=\"Strasse\" \/><\/span> <\/label>\n<label>N\u00b0\n    <span class=\"wpcf7-form-control-wrap\" data-name=\"Nr\"><input size=\"40\" maxlength=\"400\" class=\"wpcf7-form-control wpcf7-text wpcf7-validates-as-required\" aria-required=\"true\" aria-invalid=\"false\" value=\"\" type=\"text\" name=\"Nr\" \/><\/span> <\/label> \n<\/div>\n\n<div class=\"form-group-inline\">\n<label>CODE POSTAL\n    <span class=\"wpcf7-form-control-wrap\" data-name=\"PLZ\"><input size=\"40\" maxlength=\"400\" class=\"wpcf7-form-control wpcf7-text wpcf7-validates-as-required\" aria-required=\"true\" aria-invalid=\"false\" value=\"\" type=\"text\" name=\"PLZ\" \/><\/span> <\/label>\n<label>Lieu\n    <span class=\"wpcf7-form-control-wrap\" data-name=\"Ort\"><input size=\"40\" maxlength=\"400\" class=\"wpcf7-form-control wpcf7-text wpcf7-validates-as-required\" aria-required=\"true\" aria-invalid=\"false\" value=\"\" type=\"text\" name=\"Ort\" \/><\/span> <\/label> \n<\/div>\n\n<label>Adresse email\n    <span class=\"wpcf7-form-control-wrap\" data-name=\"Email\"><input size=\"40\" maxlength=\"400\" class=\"wpcf7-form-control wpcf7-email wpcf7-validates-as-required wpcf7-text wpcf7-validates-as-email\" aria-required=\"true\" aria-invalid=\"false\" value=\"\" type=\"email\" name=\"Email\" \/><\/span> <\/label>\n\n<label>Num\u00e9ro de t\u00e9l\u00e9phone\n    <span class=\"wpcf7-form-control-wrap\" data-name=\"Tel\"><input size=\"40\" maxlength=\"400\" class=\"wpcf7-form-control wpcf7-tel wpcf7-validates-as-required wpcf7-text wpcf7-validates-as-tel\" aria-required=\"true\" aria-invalid=\"false\" value=\"\" type=\"tel\" name=\"Tel\" \/><\/span> <\/label>\n\n<label>Votre message\n<span class=\"wpcf7-form-control-wrap\" data-name=\"Mitteilung\"><textarea cols=\"40\" rows=\"10\" maxlength=\"2000\" class=\"wpcf7-form-control wpcf7-textarea\" aria-invalid=\"false\" name=\"Mitteilung\"><\/textarea><\/span><\/label>\n\n<span class=\"wpcf7-form-control-wrap\" data-name=\"AGB\"><span class=\"wpcf7-form-control wpcf7-acceptance\"><span class=\"wpcf7-list-item\"><label><input type=\"checkbox\" name=\"AGB\" value=\"1\" aria-invalid=\"false\" \/><span class=\"wpcf7-list-item-label\">En soumettant ce formulaire, j'accepte la <a href=\"\/fr\/confidentialite\/\" target=\"_blank\">politique de confidentialit\u00e9<\/a>.<\/span><\/label><\/span><\/span><\/span>\n\n<button class=\"wpcf7-form-control wpcf7-submit has-spinner et_pb_button et_pb_bg_layout_light\" type=\"submit\" value=\"Envoyer\">Envoyer<\/button><input type=\"hidden\" id=\"ct_checkjs_cf7_9dcb88e0137649590b755372b040afad\" name=\"ct_checkjs_cf7\" value=\"0\" \/><input\n                    class=\"apbct_special_field apbct_email_id__wp_contact_form_7\"\n                    name=\"apbct__email_id__wp_contact_form_7\"\n                    aria-label=\"apbct__label_id__wp_contact_form_7\"\n                    type=\"text\" size=\"30\" maxlength=\"200\" autocomplete=\"off\"\n                    value=\"\"\n                \/><div class=\"wpcf7-response-output\" aria-hidden=\"true\"><\/div>\n<\/form>\n<\/div>\nVous pouvez nous joindre du lundi au vendredi de 08:00-12:00 et de 13:00-16:00 par t\u00e9l\u00e9phone ou nous \u00e9crire un e-mail.info@tratson.ch+41 (0)44 212 22 30Vous pouvez nous trouver \u00e0 l&#8217;adresse suivante :Tratson AGMellingerstrasse 195413 Birmenstorf<\/p>\n","protected":false},"author":1,"featured_media":0,"parent":0,"menu_order":0,"comment_status":"closed","ping_status":"closed","template":"","meta":{"_et_pb_use_builder":"on","_et_pb_old_content":"","_et_gb_content_width":"","footnotes":""},"class_list":["post-3388","page","type-page","status-publish","hentry"],"yoast_head":"<!-- This site is optimized with the Yoast SEO plugin v27.3 - https:\/\/yoast.com\/product\/yoast-seo-wordpress\/ -->\n<title>Contactez-nous | Tratson<\/title>\n<meta name=\"description\" content=\"Contactez-nous pour toute question ou pr\u00e9occupation concernant la protection contre le calcaire et la qualit\u00e9 de l&#039;eau. Nous sommes heureux de vous rendre service.\" \/>\n<meta name=\"robots\" content=\"index, follow, max-snippet:-1, max-image-preview:large, max-video-preview:-1\" \/>\n<link rel=\"canonical\" href=\"https:\/\/tratson.ch\/fr\/contacter\/\" \/>\n<meta property=\"og:locale\" content=\"fr_FR\" \/>\n<meta property=\"og:type\" content=\"article\" \/>\n<meta property=\"og:title\" content=\"Contactez-nous | Tratson\" \/>\n<meta property=\"og:description\" content=\"Contactez-nous pour toute question ou pr\u00e9occupation concernant la protection contre le calcaire et la qualit\u00e9 de l&#039;eau. Nous sommes heureux de vous rendre service.\" \/>\n<meta property=\"og:url\" content=\"https:\/\/tratson.ch\/fr\/contacter\/\" \/>\n<meta property=\"og:site_name\" content=\"Tratson\" \/>\n<meta property=\"article:modified_time\" content=\"2024-10-25T07:41:57+00:00\" \/>\n<meta property=\"og:image\" content=\"https:\/\/tratson.ch\/wp-content\/uploads\/2023\/05\/Tratson_Long_PNG_1000x250.png\" \/>\n\t<meta property=\"og:image:width\" content=\"1000\" \/>\n\t<meta property=\"og:image:height\" content=\"250\" \/>\n\t<meta property=\"og:image:type\" content=\"image\/png\" \/>\n<meta name=\"twitter:card\" content=\"summary_large_image\" \/>\n<!-- \/ Yoast SEO plugin. -->","yoast_head_json":{"title":"Contactez-nous | Tratson","description":"Contactez-nous pour toute question ou pr\u00e9occupation concernant la protection contre le calcaire et la qualit\u00e9 de l'eau. Nous sommes heureux de vous rendre service.","robots":{"index":"index","follow":"follow","max-snippet":"max-snippet:-1","max-image-preview":"max-image-preview:large","max-video-preview":"max-video-preview:-1"},"canonical":"https:\/\/tratson.ch\/fr\/contacter\/","og_locale":"fr_FR","og_type":"article","og_title":"Contactez-nous | Tratson","og_description":"Contactez-nous pour toute question ou pr\u00e9occupation concernant la protection contre le calcaire et la qualit\u00e9 de l'eau. Nous sommes heureux de vous rendre service.","og_url":"https:\/\/tratson.ch\/fr\/contacter\/","og_site_name":"Tratson","article_modified_time":"2024-10-25T07:41:57+00:00","og_image":[{"width":1000,"height":250,"url":"https:\/\/tratson.ch\/wp-content\/uploads\/2023\/05\/Tratson_Long_PNG_1000x250.png","type":"image\/png"}],"twitter_card":"summary_large_image","schema":{"@context":"https:\/\/schema.org","@graph":[{"@type":"WebPage","@id":"https:\/\/tratson.ch\/fr\/contacter\/","url":"https:\/\/tratson.ch\/fr\/contacter\/","name":"Contactez-nous | Tratson","isPartOf":{"@id":"https:\/\/tratson.ch\/fr\/#website"},"datePublished":"2022-11-22T17:04:26+00:00","dateModified":"2024-10-25T07:41:57+00:00","description":"Contactez-nous pour toute question ou pr\u00e9occupation concernant la protection contre le calcaire et la qualit\u00e9 de l'eau. Nous sommes heureux de vous rendre service.","breadcrumb":{"@id":"https:\/\/tratson.ch\/fr\/contacter\/#breadcrumb"},"inLanguage":"fr","potentialAction":[{"@type":"ReadAction","target":["https:\/\/tratson.ch\/fr\/contacter\/"]}]},{"@type":"BreadcrumbList","@id":"https:\/\/tratson.ch\/fr\/contacter\/#breadcrumb","itemListElement":[{"@type":"ListItem","position":1,"name":"Home","item":"https:\/\/tratson.ch\/fr\/produit\/"},{"@type":"ListItem","position":2,"name":"Contact"}]},{"@type":"WebSite","@id":"https:\/\/tratson.ch\/fr\/#website","url":"https:\/\/tratson.ch\/fr\/","name":"Tratson","description":"Die Kalkschutzinnovation ohne Salz und Chemie","publisher":{"@id":"https:\/\/tratson.ch\/fr\/#organization"},"alternateName":"Kalkschutz aus der Schweiz","potentialAction":[{"@type":"SearchAction","target":{"@type":"EntryPoint","urlTemplate":"https:\/\/tratson.ch\/fr\/?s={search_term_string}"},"query-input":{"@type":"PropertyValueSpecification","valueRequired":true,"valueName":"search_term_string"}}],"inLanguage":"fr"},{"@type":"Organization","@id":"https:\/\/tratson.ch\/fr\/#organization","name":"Tratson","url":"https:\/\/tratson.ch\/fr\/","logo":{"@type":"ImageObject","inLanguage":"fr","@id":"https:\/\/tratson.ch\/fr\/#\/schema\/logo\/image\/","url":"https:\/\/tratson.ch\/wp-content\/uploads\/2023\/05\/Tratson_Long_PNG_1000x250.png","contentUrl":"https:\/\/tratson.ch\/wp-content\/uploads\/2023\/05\/Tratson_Long_PNG_1000x250.png","width":1000,"height":250,"caption":"Tratson"},"image":{"@id":"https:\/\/tratson.ch\/fr\/#\/schema\/logo\/image\/"}}]}},"_links":{"self":[{"href":"https:\/\/tratson.ch\/fr\/wp-json\/wp\/v2\/pages\/3388","targetHints":{"allow":["GET"]}}],"collection":[{"href":"https:\/\/tratson.ch\/fr\/wp-json\/wp\/v2\/pages"}],"about":[{"href":"https:\/\/tratson.ch\/fr\/wp-json\/wp\/v2\/types\/page"}],"author":[{"embeddable":true,"href":"https:\/\/tratson.ch\/fr\/wp-json\/wp\/v2\/users\/1"}],"replies":[{"embeddable":true,"href":"https:\/\/tratson.ch\/fr\/wp-json\/wp\/v2\/comments?post=3388"}],"version-history":[{"count":10,"href":"https:\/\/tratson.ch\/fr\/wp-json\/wp\/v2\/pages\/3388\/revisions"}],"predecessor-version":[{"id":6779,"href":"https:\/\/tratson.ch\/fr\/wp-json\/wp\/v2\/pages\/3388\/revisions\/6779"}],"wp:attachment":[{"href":"https:\/\/tratson.ch\/fr\/wp-json\/wp\/v2\/media?parent=3388"}],"curies":[{"name":"wp","href":"https:\/\/api.w.org\/{rel}","templated":true}]}}